{"id":160,"date":"2018-07-19T22:35:46","date_gmt":"2018-07-19T19:35:46","guid":{"rendered":"http:\/\/2019.brs.org.tr\/?page_id=160"},"modified":"2019-05-18T13:28:18","modified_gmt":"2019-05-18T10:28:18","slug":"laboratuvar-egitmenleri","status":"publish","type":"page","link":"https:\/\/2019.brs.org.tr\/index.php\/laboratuvar-egitmenleri\/","title":{"rendered":"Laboratuvar E\u011fitmenleri"},"content":{"rendered":"<h2>H\u00fccre K\u00fclt\u00fcr\u00fc:<\/h2>\n<p><img loading=\"lazy\" decoding=\"async\" class=\"alignnone wp-image-539 size-thumbnail\" src=\"https:\/\/2019.brs.org.tr\/wp-content\/uploads\/2018\/09\/maria2-150x150.jpg\" alt=\"\" width=\"150\" height=\"150\" \/><\/p>\n<h4><em><strong>Dr. Marie MULIER (Leuven, Belgium)<\/strong><\/em><\/h4>\n<p>Laboratory of ion channel research (LICR)<\/p>\n<p><a href=\"https:\/\/2019.brs.org.tr\/wp-content\/uploads\/2018\/09\/cv_maria.pdf\">Click here to view cv<\/a><\/p>\n<p><img loading=\"lazy\" decoding=\"async\" class=\"alignnone wp-image-540 size-thumbnail\" src=\"https:\/\/2019.brs.org.tr\/wp-content\/uploads\/2018\/09\/sandra2-150x150.jpg\" alt=\"\" width=\"150\" height=\"150\" \/><\/p>\n<h4><em><strong>Dr. Sandra DEROUICHE (Okazaki, Japan)<\/strong><\/em><\/h4>\n<p>Division of Cell Signaling, National Institute for Physiological Science,<\/p>\n<p><a href=\"https:\/\/2019.brs.org.tr\/wp-content\/uploads\/2018\/09\/CV-Sandra-Derouiche.pdf\">Click here to view cv<\/a><\/p>\n<p><img loading=\"lazy\" decoding=\"async\" class=\"alignnone size-thumbnail wp-image-346\" src=\"https:\/\/2019.brs.org.tr\/wp-content\/uploads\/2018\/07\/ahmi1-1-150x150.jpg\" alt=\"\" width=\"150\" height=\"150\" \/><\/p>\n<h4><em><strong>Ahmi \u00d6Z<\/strong><\/em><\/h4>\n<p>Department of Biophysics, Medical Faculty, S\u00fcleyman Demirel University<\/p>\n<p><a href=\"https:\/\/2019.brs.org.tr\/wp-content\/uploads\/2018\/07\/ahmi.pdf\">Click here to view cv<\/a><\/p>\n<p><img loading=\"lazy\" decoding=\"async\" class=\"alignnone size-thumbnail wp-image-348\" src=\"https:\/\/2019.brs.org.tr\/wp-content\/uploads\/2018\/07\/yener-1-150x150.jpg\" alt=\"\" width=\"150\" height=\"150\" \/><\/p>\n<h4><em><strong>Yener YAZ\u011eAN<\/strong><\/em><\/h4>\n<p>Department of Neuroscience, Medical Faculty, S\u00fcleyman Demirel University<\/p>\n<p><a href=\"https:\/\/2019.brs.org.tr\/wp-content\/uploads\/2018\/07\/ynr-en.pdf\">Click here to view cv<\/a><\/p>\n<h2>Kalsiyum Sinyali &amp; Patch Clamp:<\/h2>\n<p><img loading=\"lazy\" decoding=\"async\" class=\"alignnone size-thumbnail wp-image-349\" src=\"https:\/\/2019.brs.org.tr\/wp-content\/uploads\/2018\/07\/naz2-1-150x150.jpg\" alt=\"\" width=\"150\" height=\"150\" \/><\/p>\n<h4><em><strong>Dr. Mustafa NAZIRO\u011eLU<\/strong><\/em><\/h4>\n<p>Department of Biophysics, Medical Faculty, S\u00fcleyman Demirel University<\/p>\n<p><a href=\"https:\/\/2019.brs.org.tr\/wp-content\/uploads\/2018\/07\/nazir.pdf\">Click here to view cv<\/a><\/p>\n<p><img loading=\"lazy\" decoding=\"async\" class=\"alignnone size-thumbnail wp-image-460\" src=\"https:\/\/2019.brs.org.tr\/wp-content\/uploads\/2018\/09\/stefano-150x150.jpg\" alt=\"\" width=\"150\" height=\"150\" \/><\/p>\n<h4><em><strong>Dr. Stefano SENSI MD, Ph.D. (Chieti Scalo, \u0130talya)<\/strong><\/em><\/h4>\n<p>Professor of Neurology<br \/>\nCeSI-MeT, Center for Excellence on Aging and Translational Medicine<br \/>\nUniversity \u201cG. d\u2019Annunzio\u201d Chieti-Pescara<br \/>\nVia Luigi Polacchi 11,<br \/>\nChieti Scalo, 66013, Italy<\/p>\n<p><a href=\"https:\/\/2019.brs.org.tr\/wp-content\/uploads\/2018\/09\/CV-stefano..pdf\">Click here to view cv<\/a><\/p>\n<p><img loading=\"lazy\" decoding=\"async\" class=\"alignnone size-thumbnail wp-image-350\" src=\"https:\/\/2019.brs.org.tr\/wp-content\/uploads\/2018\/07\/omer-1-150x150.jpg\" alt=\"\" width=\"150\" height=\"150\" \/><\/p>\n<h4><em><strong>Dr. \u00d6mer \u00c7EL\u0130K<\/strong><\/em><\/h4>\n<p>Department of Biophysics, Medical Faculty, S\u00fcleyman Demirel University<\/p>\n<p><a href=\"https:\/\/2019.brs.org.tr\/wp-content\/uploads\/2018\/07\/omer-en.pdf\">Click here to view cv<\/a><\/p>\n<p><img loading=\"lazy\" decoding=\"async\" class=\"alignnone size-thumbnail wp-image-842\" src=\"https:\/\/2019.brs.org.tr\/wp-content\/uploads\/2019\/05\/GRANZO-150x150.jpg\" alt=\"\" width=\"150\" height=\"150\" srcset=\"https:\/\/2019.brs.org.tr\/wp-content\/uploads\/2019\/05\/GRANZO-150x150.jpg 150w, https:\/\/2019.brs.org.tr\/wp-content\/uploads\/2019\/05\/GRANZO-300x300.jpg 300w, https:\/\/2019.brs.org.tr\/wp-content\/uploads\/2019\/05\/GRANZO-768x768.jpg 768w, https:\/\/2019.brs.org.tr\/wp-content\/uploads\/2019\/05\/GRANZO-1024x1024.jpg 1024w, https:\/\/2019.brs.org.tr\/wp-content\/uploads\/2019\/05\/GRANZO.jpg 1873w\" sizes=\"auto, (max-width: 150px) 100vw, 150px\" \/><\/p>\n<h4><em><strong>Dr. Alberto GRANZOTTO (Chieti Scalo, Italy)<\/strong><\/em><\/h4>\n<p>Postoctoral fellow at Ce.S.I. &#8211; Centre of Excellence on Aging,<\/p>\n<p><a href=\"https:\/\/2019.brs.org.tr\/wp-content\/uploads\/2019\/05\/CV_Granzotto.pdf\">Click here to view cv<\/a><\/p>\n<p><img loading=\"lazy\" decoding=\"async\" class=\"alignnone wp-image-334 size-thumbnail\" src=\"https:\/\/2019.brs.org.tr\/wp-content\/uploads\/2018\/07\/simon-150x150.jpg\" alt=\"\" width=\"150\" height=\"150\" srcset=\"https:\/\/2019.brs.org.tr\/wp-content\/uploads\/2018\/07\/simon-150x150.jpg 150w, https:\/\/2019.brs.org.tr\/wp-content\/uploads\/2018\/07\/simon.jpg 200w\" sizes=\"auto, (max-width: 150px) 100vw, 150px\" \/><\/p>\n<h4><em><strong>Dr. Simon\u00a0<\/strong><\/em><em><strong><span lang=\"en-US\">HEBEISEN<\/span><\/strong><\/em><em><strong>\u00a0(Biningen, Switzerland)<\/strong><\/em><\/h4>\n<p>B\u2019SYS Analytics GmbH<\/p>\n<p><a href=\"http:\/\/2018.brs.org.tr\/wp-content\/uploads\/2018\/02\/Biosketch-Simon-Hebeisen.pdf\">Click here to view cv<\/a><\/p>\n<p><img loading=\"lazy\" decoding=\"async\" class=\"alignnone size-thumbnail wp-image-352\" src=\"https:\/\/2019.brs.org.tr\/wp-content\/uploads\/2018\/07\/bilal-1-150x150.jpg\" alt=\"\" width=\"150\" height=\"150\" \/><\/p>\n<h4><em><strong>Dr. Bilal \u00c7\u0130\u011e<\/strong><\/em><\/h4>\n<p>Department of Biophysics, Medical Faculty, S\u00fcleyman Demirel University<\/p>\n<p><a href=\"https:\/\/2019.brs.org.tr\/wp-content\/uploads\/2018\/07\/bilal.pdf\">Click here to view cv<\/a><\/p>\n<p><img loading=\"lazy\" decoding=\"async\" class=\"alignnone size-thumbnail wp-image-353\" src=\"https:\/\/2019.brs.org.tr\/wp-content\/uploads\/2018\/07\/kenan-1-150x150.jpg\" alt=\"\" width=\"150\" height=\"150\" \/><\/p>\n<h4><em><strong>Kenan YILDIZHAN<\/strong><\/em><\/h4>\n<p>Department of Biophysics, Medical Faculty, S\u00fcleyman Demirel University<\/p>\n<p><a href=\"https:\/\/2019.brs.org.tr\/wp-content\/uploads\/2018\/07\/knn-en.pdf\">Click here to view cv<\/a><\/p>\n<h2>Western Blot:<\/h2>\n<p><img loading=\"lazy\" decoding=\"async\" class=\"alignnone size-thumbnail wp-image-354\" src=\"https:\/\/2019.brs.org.tr\/wp-content\/uploads\/2018\/07\/rmzn-1-150x150.jpg\" alt=\"\" width=\"150\" height=\"150\" \/><\/p>\n<h4><em><strong>Ramazan \u00c7INAR<\/strong><\/em><\/h4>\n<p>Department of Neuroscience, Medical Faculty, S\u00fcleyman Demirel University<\/p>\n<p><a href=\"https:\/\/2019.brs.org.tr\/wp-content\/uploads\/2018\/07\/R\u00c7-CV-for-BRS.pdf\">Click here to view cv<\/a><\/p>\n","protected":false},"excerpt":{"rendered":"<p>H\u00fccre K\u00fclt\u00fcr\u00fc: Dr. Marie MULIER (Leuven, Belgium) Laboratory of ion channel research (LICR) Click here to view cv Dr. Sandra DEROUICHE (Okazaki, Japan) Division of Cell Signaling, National Institute for Physiological Science, Click here to view cv Ahmi \u00d6Z Department of Biophysics, Medical Faculty, S\u00fcleyman Demirel University Click here to view cv Yener YAZ\u011eAN Department of Neuroscience, Medical Faculty, S\u00fcleyman Demirel University Click here to view cv Kalsiyum Sinyali &amp;&hellip; <\/p>\n","protected":false},"author":1,"featured_media":0,"parent":0,"menu_order":0,"comment_status":"closed","ping_status":"closed","template":"","meta":{"footnotes":""},"class_list":["post-160","page","type-page","status-publish","hentry"],"_links":{"self":[{"href":"https:\/\/2019.brs.org.tr\/index.php\/wp-json\/wp\/v2\/pages\/160","targetHints":{"allow":["GET"]}}],"collection":[{"href":"https:\/\/2019.brs.org.tr\/index.php\/wp-json\/wp\/v2\/pages"}],"about":[{"href":"https:\/\/2019.brs.org.tr\/index.php\/wp-json\/wp\/v2\/types\/page"}],"author":[{"embeddable":true,"href":"https:\/\/2019.brs.org.tr\/index.php\/wp-json\/wp\/v2\/users\/1"}],"replies":[{"embeddable":true,"href":"https:\/\/2019.brs.org.tr\/index.php\/wp-json\/wp\/v2\/comments?post=160"}],"version-history":[{"count":33,"href":"https:\/\/2019.brs.org.tr\/index.php\/wp-json\/wp\/v2\/pages\/160\/revisions"}],"predecessor-version":[{"id":861,"href":"https:\/\/2019.brs.org.tr\/index.php\/wp-json\/wp\/v2\/pages\/160\/revisions\/861"}],"wp:attachment":[{"href":"https:\/\/2019.brs.org.tr\/index.php\/wp-json\/wp\/v2\/media?parent=160"}],"curies":[{"name":"wp","href":"https:\/\/api.w.org\/{rel}","templated":true}]}}