{"id":661,"date":"2019-01-10T10:51:19","date_gmt":"2019-01-10T07:51:19","guid":{"rendered":"http:\/\/2019.brs.org.tr\/?page_id=661"},"modified":"2022-12-01T13:42:39","modified_gmt":"2022-12-01T10:42:39","slug":"konusma","status":"publish","type":"page","link":"https:\/\/2019.brs.org.tr\/index.php\/konusma\/","title":{"rendered":"Konu\u015fmac\u0131lar"},"content":{"rendered":"<p><img loading=\"lazy\" decoding=\"async\" class=\"alignnone size-thumbnail wp-image-842\" src=\"https:\/\/2019.brs.org.tr\/wp-content\/uploads\/2019\/05\/GRANZO-150x150.jpg\" alt=\"\" width=\"150\" height=\"150\" srcset=\"https:\/\/2019.brs.org.tr\/wp-content\/uploads\/2019\/05\/GRANZO-150x150.jpg 150w, https:\/\/2019.brs.org.tr\/wp-content\/uploads\/2019\/05\/GRANZO-300x300.jpg 300w, https:\/\/2019.brs.org.tr\/wp-content\/uploads\/2019\/05\/GRANZO-768x768.jpg 768w, https:\/\/2019.brs.org.tr\/wp-content\/uploads\/2019\/05\/GRANZO-1024x1024.jpg 1024w, https:\/\/2019.brs.org.tr\/wp-content\/uploads\/2019\/05\/GRANZO.jpg 1873w\" sizes=\"auto, (max-width: 150px) 100vw, 150px\" \/><\/p>\n<h4><em><strong>Dr. Alberto GRANZOTTO (Chieti Scalo, Italy)<\/strong><\/em><\/h4>\n<p>Postoctoral fellow at Ce.S.I. &#8211; Centre of Excellence on Aging,<\/p>\n<p><a href=\"https:\/\/2019.brs.org.tr\/wp-content\/uploads\/2019\/05\/CV_Granzotto.pdf\">Click here to view cv<\/a><\/p>\n<p><img loading=\"lazy\" decoding=\"async\" class=\"alignnone wp-image-736 size-thumbnail\" src=\"https:\/\/2019.brs.org.tr\/wp-content\/uploads\/2019\/03\/Xinhua-Shu-150x150.jpg\" alt=\"\" width=\"150\" height=\"150\" \/><\/p>\n<h4><em><strong>Dr. Xinhua SHU (Glasgow, Scotland)<\/strong><\/em><\/h4>\n<p>School of Health and Life Sciences of Glasgow Caledonian University,<\/p>\n<p><a href=\"https:\/\/2019.brs.org.tr\/wp-content\/uploads\/2019\/03\/Shu-BRS-2019-Brief-CV.pdf\">Click here to view cv<\/a><\/p>\n<p><img loading=\"lazy\" decoding=\"async\" class=\"alignnone wp-image-325 size-thumbnail\" src=\"https:\/\/2019.brs.org.tr\/wp-content\/uploads\/2018\/07\/naz2-150x150.jpg\" alt=\"\" width=\"150\" height=\"150\" \/><\/p>\n<h4><em><strong>Dr. Mustafa NAZIRO\u011eLU (Isparta, T\u00fcrkiye)<\/strong><\/em><\/h4>\n<p>S\u00fcleyman Demirel \u00dcniversitesi T\u0131p Fak\u00fcltesi Biyofizik A.D.<\/p>\n<p><a href=\"https:\/\/2019.brs.org.tr\/wp-content\/uploads\/2018\/07\/nazir.pdf\">Click here to view cv<\/a><\/p>\n<p><img loading=\"lazy\" decoding=\"async\" class=\"alignnone wp-image-539 size-thumbnail\" src=\"https:\/\/2019.brs.org.tr\/wp-content\/uploads\/2018\/09\/maria2-150x150.jpg\" alt=\"\" width=\"150\" height=\"150\" \/><\/p>\n<h4><em><strong>Dr. Marie MULIER (Leuven, Bel\u00e7ika) <\/strong><\/em><\/h4>\n<p>Laboratory of ion channel research (LICR)<\/p>\n<p><a href=\"https:\/\/2019.brs.org.tr\/wp-content\/uploads\/2018\/09\/cv_maria.pdf\">Click here to view cv<\/a><\/p>\n<p><img loading=\"lazy\" decoding=\"async\" class=\"alignnone wp-image-540 size-thumbnail\" src=\"https:\/\/2019.brs.org.tr\/wp-content\/uploads\/2018\/09\/sandra2-150x150.jpg\" alt=\"\" width=\"150\" height=\"150\" \/><\/p>\n<h4><em><strong>Dr. Sandra DEROUICHE (Okazaki, Japonya)<\/strong><\/em><\/h4>\n<p>Division of Cell Signaling, National Institute for Physiological Science,<\/p>\n<p><a href=\"https:\/\/2019.brs.org.tr\/wp-content\/uploads\/2018\/09\/CV-Sandra-Derouiche.pdf\">Click here to view cv<\/a><\/p>\n<p><img loading=\"lazy\" decoding=\"async\" class=\"alignnone size-thumbnail wp-image-460\" src=\"https:\/\/2019.brs.org.tr\/wp-content\/uploads\/2018\/09\/stefano-150x150.jpg\" alt=\"\" width=\"150\" height=\"150\" \/><\/p>\n<h4><em><strong>Dr. Stefano SENSI MD, Ph.D. (Chieti Scalo, \u0130talya)<\/strong><\/em><\/h4>\n<p>Professor of Neurology<br \/>\nCeSI-MeT, Center for Excellence on Aging and Translational Medicine<br \/>\nUniversity \u201cG. d\u2019Annunzio\u201d Chieti-Pescara<br \/>\nVia Luigi Polacchi 11,<br \/>\nChieti Scalo, 66013, Italy<\/p>\n<p><a href=\"https:\/\/2019.brs.org.tr\/wp-content\/uploads\/2018\/09\/CV-stefano..pdf\">Click here to view cv<\/a><\/p>\n<p><img loading=\"lazy\" decoding=\"async\" class=\"alignnone wp-image-696 size-thumbnail\" src=\"http:\/\/2018.brs.org.tr\/wp-content\/uploads\/2018\/02\/simon-150x150.jpg\" alt=\"\" width=\"150\" height=\"150\" \/><\/p>\n<h4><em><strong><span lang=\"en-US\">Dr. Simon HEBEISEN (Biningen, \u0130svi\u00e7re)<\/span><\/strong><\/em><\/h4>\n<p><span style=\"font-family: times new roman,times; font-size: 12pt; color: #000000;\">B\u2019SYS Analytics GmbH<\/span><\/p>\n<p><a href=\"http:\/\/2018.brs.org.tr\/wp-content\/uploads\/2018\/02\/Biosketch-Simon-Hebeisen.pdf\"><span lang=\"en-US\">Click here to view cv<\/span><\/a><\/p>\n","protected":false},"excerpt":{"rendered":"<p>Dr. Alberto GRANZOTTO (Chieti Scalo, Italy) Postoctoral fellow at Ce.S.I. &#8211; Centre of Excellence on Aging, Click here to view cv Dr. Xinhua SHU (Glasgow, Scotland) School of Health and Life Sciences of Glasgow Caledonian University, Click here to view cv Dr. Mustafa NAZIRO\u011eLU (Isparta, T\u00fcrkiye) S\u00fcleyman Demirel \u00dcniversitesi T\u0131p Fak\u00fcltesi Biyofizik A.D. Click here to view cv Dr. Marie MULIER (Leuven, Bel\u00e7ika) Laboratory of ion channel research (LICR) Click&hellip; <\/p>\n","protected":false},"author":1,"featured_media":0,"parent":0,"menu_order":0,"comment_status":"closed","ping_status":"closed","template":"","meta":{"footnotes":""},"class_list":["post-661","page","type-page","status-publish","hentry"],"_links":{"self":[{"href":"https:\/\/2019.brs.org.tr\/index.php\/wp-json\/wp\/v2\/pages\/661","targetHints":{"allow":["GET"]}}],"collection":[{"href":"https:\/\/2019.brs.org.tr\/index.php\/wp-json\/wp\/v2\/pages"}],"about":[{"href":"https:\/\/2019.brs.org.tr\/index.php\/wp-json\/wp\/v2\/types\/page"}],"author":[{"embeddable":true,"href":"https:\/\/2019.brs.org.tr\/index.php\/wp-json\/wp\/v2\/users\/1"}],"replies":[{"embeddable":true,"href":"https:\/\/2019.brs.org.tr\/index.php\/wp-json\/wp\/v2\/comments?post=661"}],"version-history":[{"count":21,"href":"https:\/\/2019.brs.org.tr\/index.php\/wp-json\/wp\/v2\/pages\/661\/revisions"}],"predecessor-version":[{"id":923,"href":"https:\/\/2019.brs.org.tr\/index.php\/wp-json\/wp\/v2\/pages\/661\/revisions\/923"}],"wp:attachment":[{"href":"https:\/\/2019.brs.org.tr\/index.php\/wp-json\/wp\/v2\/media?parent=661"}],"curies":[{"name":"wp","href":"https:\/\/api.w.org\/{rel}","templated":true}]}}